{"id":55,"date":"2022-03-28T12:29:55","date_gmt":"2022-03-28T12:29:55","guid":{"rendered":"https:\/\/sts-guitars.com\/?page_id=55"},"modified":"2023-06-21T21:04:02","modified_gmt":"2023-06-21T21:04:02","slug":"custom-shop","status":"publish","type":"page","link":"https:\/\/sts-guitars.com\/de\/custom-shop\/","title":{"rendered":"custom shop"},"content":{"rendered":"<div data-elementor-type=\"wp-page\" data-elementor-id=\"55\" class=\"elementor elementor-55\">\n\t\t\t\t\t\t<section class=\"elementor-section elementor-top-section elementor-element elementor-element-2508f95 elementor-section-full_width elementor-section-stretched elementor-section-height-default elementor-section-height-default\" data-id=\"2508f95\" data-element_type=\"section\" data-e-type=\"section\" data-settings=\"{&quot;stretch_section&quot;:&quot;section-stretched&quot;}\">\n\t\t\t\t\t\t<div class=\"elementor-container elementor-column-gap-default\">\n\t\t\t\t\t<div class=\"elementor-column elementor-col-100 elementor-top-column elementor-element elementor-element-f4c7aa7\" data-id=\"f4c7aa7\" data-element_type=\"column\" data-e-type=\"column\">\n\t\t\t<div class=\"elementor-widget-wrap elementor-element-populated\">\n\t\t\t\t\t\t<div class=\"elementor-element elementor-element-1f0eba9 elementor-widget elementor-widget-image\" data-id=\"1f0eba9\" data-element_type=\"widget\" data-e-type=\"widget\" data-widget_type=\"image.default\">\n\t\t\t\t<div class=\"elementor-widget-container\">\n\t\t\t\t\t\t\t\t\t\t\t\t\t\t\t<img decoding=\"async\" src=\"https:\/\/sts-guitars.com\/wp-content\/uploads\/2023\/03\/linie4-1.png\" title=\"linie4.png\" alt=\"linie4.png\" loading=\"lazy\" \/>\t\t\t\t\t\t\t\t\t\t\t\t\t\t\t<\/div>\n\t\t\t\t<\/div>\n\t\t\t\t\t<\/div>\n\t\t<\/div>\n\t\t\t\t\t<\/div>\n\t\t<\/section>\n\t\t\t\t<section class=\"elementor-section elementor-top-section elementor-element elementor-element-5b690bc7 elementor-section-boxed elementor-section-height-default elementor-section-height-default\" data-id=\"5b690bc7\" data-element_type=\"section\" data-e-type=\"section\">\n\t\t\t\t\t\t<div class=\"elementor-container elementor-column-gap-default\">\n\t\t\t\t\t<div class=\"elementor-column elementor-col-100 elementor-top-column elementor-element elementor-element-170f85bf\" data-id=\"170f85bf\" data-element_type=\"column\" data-e-type=\"column\">\n\t\t\t<div class=\"elementor-widget-wrap elementor-element-populated\">\n\t\t\t\t\t\t<div class=\"elementor-element elementor-element-64ee3b63 elementor-widget elementor-widget-text-editor\" data-id=\"64ee3b63\" data-element_type=\"widget\" data-e-type=\"widget\" data-widget_type=\"text-editor.default\">\n\t\t\t\t<div class=\"elementor-widget-container\">\n\t\t\t\t\t\t\t\t\t<p><\/p>\n<h1 class=\"wp-block-heading\">Custom Optionen<\/h1>\n<p><\/p>\n<p>Aufbauend auf unseren verf\u00fcgbaren Gitarrenmodellen, kann ein individualisiertes Custom Shop Instrument konfiguriert und bestellt werden.<\/p>\n<p><\/p>\n<p>Nachfolgend ein paar Gestaltungsm\u00f6glichkeiten. Diese sollen eure Vorstellungskraft befeuern und f\u00fchren bereits zu unz\u00e4hligen wundersch\u00f6nen Varianten unserer Instrumente.<\/p>\n<p>\u00a0<\/p>\n<p><\/p>\n<p><\/p>\n<h1 class=\"wp-block-heading\">Holzauswahl<\/h1>\n<p><\/p>\n<p>Als eine der fundamentalen Auswahlm\u00f6glichkeiten gibt es selbstverst\u00e4ndlich die M\u00f6glichkeit die verwendeten Holzarten der Gitarrendecke, des Gitarrenhalses und des Griffbretts anzupassen.<\/p>\n<p><\/p>\n<p>Die Auswahl f\u00fcr den Gitarrenkorpus ist dadurch beschr\u00e4nkt, dass das Design auf Basis der Charakteristika und Eigenschaften der \"Standard\" H\u00f6lzer erfolgte (Esche f\u00fcr das Double Cut Modell, Erle f\u00fcr das Single Cut Modell)<\/p>\n<p><\/p>\n<p><\/p>\n<p><\/p>\t\t\t\t\t\t\t\t<\/div>\n\t\t\t\t<\/div>\n\t\t\t\t<div class=\"elementor-element elementor-element-fee9424 elementor-widget elementor-widget-gallery\" data-id=\"fee9424\" data-element_type=\"widget\" data-e-type=\"widget\" data-widget_type=\"gallery.default\">\n\t\t\t\t<div class=\"elementor-widget-container\">\n\t\t\t\t\t \t\t\t\t<\/div>\n\t\t\t\t<\/div>\n\t\t\t\t\t<\/div>\n\t\t<\/div>\n\t\t\t\t\t<\/div>\n\t\t<\/section>\n\t\t\t\t<section class=\"elementor-section elementor-top-section elementor-element elementor-element-6ca3e692 elementor-section-full_width elementor-section-stretched elementor-section-height-default elementor-section-height-default\" data-id=\"6ca3e692\" data-element_type=\"section\" data-e-type=\"section\" data-settings=\"{&quot;stretch_section&quot;:&quot;section-stretched&quot;}\">\n\t\t\t\t\t\t<div class=\"elementor-container elementor-column-gap-default\">\n\t\t\t\t\t<div class=\"elementor-column elementor-col-100 elementor-top-column elementor-element elementor-element-65d9ef69\" data-id=\"65d9ef69\" data-element_type=\"column\" data-e-type=\"column\">\n\t\t\t<div class=\"elementor-widget-wrap elementor-element-populated\">\n\t\t\t\t\t\t<div class=\"elementor-element elementor-element-2f839d28 elementor-widget elementor-widget-image\" data-id=\"2f839d28\" data-element_type=\"widget\" data-e-type=\"widget\" data-widget_type=\"image.default\">\n\t\t\t\t<div class=\"elementor-widget-container\">\n\t\t\t\t\t\t\t\t\t\t\t\t\t\t\t<img decoding=\"async\" src=\"https:\/\/sts-guitars.com\/wp-content\/uploads\/2023\/03\/linie4-1.png\" title=\"linie4.png\" alt=\"linie4.png\" loading=\"lazy\" \/>\t\t\t\t\t\t\t\t\t\t\t\t\t\t\t<\/div>\n\t\t\t\t<\/div>\n\t\t\t\t\t<\/div>\n\t\t<\/div>\n\t\t\t\t\t<\/div>\n\t\t<\/section>\n\t\t<div class=\"elementor-element elementor-element-3fc36d9e e-flex e-con-boxed e-con e-parent\" data-id=\"3fc36d9e\" data-element_type=\"container\" data-e-type=\"container\">\n\t\t\t\t\t<div class=\"e-con-inner\">\n\t\t\t\t<div class=\"elementor-element elementor-element-2e9bbe7 elementor-widget elementor-widget-heading\" data-id=\"2e9bbe7\" data-element_type=\"widget\" data-e-type=\"widget\" data-widget_type=\"heading.default\">\n\t\t\t\t<div class=\"elementor-widget-container\">\n\t\t\t\t\t<h1 class=\"elementor-heading-title elementor-size-default\">Varianten der Gitarrendecke<\/h1>\t\t\t\t<\/div>\n\t\t\t\t<\/div>\n\t\t\t\t<div class=\"elementor-element elementor-element-177c936 elementor-widget elementor-widget-image\" data-id=\"177c936\" data-element_type=\"widget\" data-e-type=\"widget\" data-widget_type=\"image.default\">\n\t\t\t\t<div class=\"elementor-widget-container\">\n\t\t\t\t\t\t\t\t\t\t\t\t\t\t\t<img fetchpriority=\"high\" decoding=\"async\" width=\"1024\" height=\"683\" src=\"https:\/\/sts-guitars.com\/wp-content\/uploads\/2023\/06\/IC_5755-1024x683.jpg\" class=\"attachment-large size-large wp-image-4753\" alt=\"\" srcset=\"https:\/\/sts-guitars.com\/wp-content\/uploads\/2023\/06\/IC_5755-1024x683.jpg 1024w, https:\/\/sts-guitars.com\/wp-content\/uploads\/2023\/06\/IC_5755-300x200.jpg 300w, https:\/\/sts-guitars.com\/wp-content\/uploads\/2023\/06\/IC_5755-768x512.jpg 768w, https:\/\/sts-guitars.com\/wp-content\/uploads\/2023\/06\/IC_5755-18x12.jpg 18w, https:\/\/sts-guitars.com\/wp-content\/uploads\/2023\/06\/IC_5755-930x620.jpg 930w, https:\/\/sts-guitars.com\/wp-content\/uploads\/2023\/06\/IC_5755.jpg 1200w\" sizes=\"(max-width: 1024px) 100vw, 1024px\" \/>\t\t\t\t\t\t\t\t\t\t\t\t\t\t\t<\/div>\n\t\t\t\t<\/div>\n\t\t<div class=\"elementor-element elementor-element-4246184c e-con-full e-flex e-con e-parent\" data-id=\"4246184c\" data-element_type=\"container\" data-e-type=\"container\">\n\t\t<div class=\"elementor-element elementor-element-75de8bb5 e-flex e-con-boxed e-con e-parent\" data-id=\"75de8bb5\" data-element_type=\"container\" data-e-type=\"container\">\n\t\t\t\t\t<div class=\"e-con-inner\">\n\t\t\t\t<div class=\"elementor-element elementor-element-248b38b elementor-widget elementor-widget-text-editor\" data-id=\"248b38b\" data-element_type=\"widget\" data-e-type=\"widget\" data-widget_type=\"text-editor.default\">\n\t\t\t\t<div class=\"elementor-widget-container\">\n\t\t\t\t\t\t\t\t\t<p>Es besteht die M\u00f6glichkeit die verwendet Holzart f\u00fcr unsere Mosaik-Gitarrendecken zu \u00e4ndern. Auch Kombinationen unterschiedlicher H\u00f6lzer sind m\u00f6glich, was einem die M\u00f6glichkeit bietet ein \"Muster im Muster\" und somit ein komplett neues Erscheinungsbild zu erzeugen.<\/p>\t\t\t\t\t\t\t\t<\/div>\n\t\t\t\t<\/div>\n\t\t\t\t<div class=\"elementor-element elementor-element-9a32947 elementor-widget elementor-widget-gallery\" data-id=\"9a32947\" data-element_type=\"widget\" data-e-type=\"widget\" data-widget_type=\"gallery.default\">\n\t\t\t\t<div class=\"elementor-widget-container\">\n\t\t\t\t\t \t\t\t\t<\/div>\n\t\t\t\t<\/div>\n\t\t\t\t\t<\/div>\n\t\t\t\t<\/div>\n\t\t\t\t<\/div>\n\t\t\t\t\t<\/div>\n\t\t\t\t<\/div>\n\t\t\t\t<section class=\"elementor-section elementor-top-section elementor-element elementor-element-1f62cd5 elementor-section-full_width elementor-section-stretched elementor-section-height-default elementor-section-height-default\" data-id=\"1f62cd5\" data-element_type=\"section\" data-e-type=\"section\" data-settings=\"{&quot;stretch_section&quot;:&quot;section-stretched&quot;}\">\n\t\t\t\t\t\t<div class=\"elementor-container elementor-column-gap-default\">\n\t\t\t\t\t<div class=\"elementor-column elementor-col-100 elementor-top-column elementor-element elementor-element-7cf5815\" data-id=\"7cf5815\" data-element_type=\"column\" data-e-type=\"column\">\n\t\t\t<div class=\"elementor-widget-wrap elementor-element-populated\">\n\t\t\t\t\t\t<div class=\"elementor-element elementor-element-ae5e055 elementor-widget elementor-widget-image\" data-id=\"ae5e055\" data-element_type=\"widget\" data-e-type=\"widget\" data-widget_type=\"image.default\">\n\t\t\t\t<div class=\"elementor-widget-container\">\n\t\t\t\t\t\t\t\t\t\t\t\t\t\t\t<img decoding=\"async\" src=\"https:\/\/sts-guitars.com\/wp-content\/uploads\/2023\/03\/linie4-1.png\" title=\"linie4.png\" alt=\"linie4.png\" loading=\"lazy\" \/>\t\t\t\t\t\t\t\t\t\t\t\t\t\t\t<\/div>\n\t\t\t\t<\/div>\n\t\t\t\t\t<\/div>\n\t\t<\/div>\n\t\t\t\t\t<\/div>\n\t\t<\/section>\n\t\t<div class=\"elementor-element elementor-element-1e22ed1 e-flex e-con-boxed e-con e-parent\" data-id=\"1e22ed1\" data-element_type=\"container\" data-e-type=\"container\">\n\t\t\t\t\t<div class=\"e-con-inner\">\n\t\t\t\t<div class=\"elementor-element elementor-element-4439259 elementor-widget elementor-widget-heading\" data-id=\"4439259\" data-element_type=\"widget\" data-e-type=\"widget\" data-widget_type=\"heading.default\">\n\t\t\t\t<div class=\"elementor-widget-container\">\n\t\t\t\t\t<h1 class=\"elementor-heading-title elementor-size-default\">Farben \/ Beizen<\/h1>\t\t\t\t<\/div>\n\t\t\t\t<\/div>\n\t\t\t\t<div class=\"elementor-element elementor-element-905af0c elementor-widget elementor-widget-image\" data-id=\"905af0c\" data-element_type=\"widget\" data-e-type=\"widget\" data-widget_type=\"image.default\">\n\t\t\t\t<div class=\"elementor-widget-container\">\n\t\t\t\t\t\t\t\t\t\t\t\t\t\t\t<img decoding=\"async\" width=\"1024\" height=\"683\" src=\"https:\/\/sts-guitars.com\/wp-content\/uploads\/2023\/06\/IC_0528-1024x683.jpg\" class=\"attachment-large size-large wp-image-4748\" alt=\"Farbauswahl\" srcset=\"https:\/\/sts-guitars.com\/wp-content\/uploads\/2023\/06\/IC_0528-1024x683.jpg 1024w, https:\/\/sts-guitars.com\/wp-content\/uploads\/2023\/06\/IC_0528-300x200.jpg 300w, https:\/\/sts-guitars.com\/wp-content\/uploads\/2023\/06\/IC_0528-768x512.jpg 768w, https:\/\/sts-guitars.com\/wp-content\/uploads\/2023\/06\/IC_0528-18x12.jpg 18w, https:\/\/sts-guitars.com\/wp-content\/uploads\/2023\/06\/IC_0528-930x620.jpg 930w, https:\/\/sts-guitars.com\/wp-content\/uploads\/2023\/06\/IC_0528.jpg 1200w\" sizes=\"(max-width: 1024px) 100vw, 1024px\" \/>\t\t\t\t\t\t\t\t\t\t\t\t\t\t\t<\/div>\n\t\t\t\t<\/div>\n\t\t<div class=\"elementor-element elementor-element-9c1ff07 e-con-full e-flex e-con e-parent\" data-id=\"9c1ff07\" data-element_type=\"container\" data-e-type=\"container\">\n\t\t<div class=\"elementor-element elementor-element-f11f9c7 e-flex e-con-boxed e-con e-parent\" data-id=\"f11f9c7\" data-element_type=\"container\" data-e-type=\"container\">\n\t\t\t\t\t<div class=\"e-con-inner\">\n\t\t\t\t<div class=\"elementor-element elementor-element-a3517ce elementor-widget elementor-widget-text-editor\" data-id=\"a3517ce\" data-element_type=\"widget\" data-e-type=\"widget\" data-widget_type=\"text-editor.default\">\n\t\t\t\t<div class=\"elementor-widget-container\">\n\t\t\t\t\t\t\t\t\t<p>the maple of our asanoha mosaic guitar tops lends itself beautifully to staining in a variety of colors.\u2028transitions, fades, bursts, &#8230; many variations are possible.<\/p>\t\t\t\t\t\t\t\t<\/div>\n\t\t\t\t<\/div>\n\t\t\t\t<div class=\"elementor-element elementor-element-788afee elementor-widget elementor-widget-gallery\" data-id=\"788afee\" data-element_type=\"widget\" data-e-type=\"widget\" data-widget_type=\"gallery.default\">\n\t\t\t\t<div class=\"elementor-widget-container\">\n\t\t\t\t\t \t\t\t\t<\/div>\n\t\t\t\t<\/div>\n\t\t\t\t\t<\/div>\n\t\t\t\t<\/div>\n\t\t\t\t<\/div>\n\t\t\t\t\t<\/div>\n\t\t\t\t<\/div>\n\t\t\t\t<section class=\"elementor-section elementor-top-section elementor-element elementor-element-2384ea3 elementor-section-full_width elementor-section-stretched elementor-section-height-default elementor-section-height-default\" data-id=\"2384ea3\" data-element_type=\"section\" data-e-type=\"section\" data-settings=\"{&quot;stretch_section&quot;:&quot;section-stretched&quot;}\">\n\t\t\t\t\t\t<div class=\"elementor-container elementor-column-gap-default\">\n\t\t\t\t\t<div class=\"elementor-column elementor-col-100 elementor-top-column elementor-element elementor-element-b25ee7b\" data-id=\"b25ee7b\" data-element_type=\"column\" data-e-type=\"column\">\n\t\t\t<div class=\"elementor-widget-wrap elementor-element-populated\">\n\t\t\t\t\t\t<div class=\"elementor-element elementor-element-b0e6d2d elementor-widget elementor-widget-image\" data-id=\"b0e6d2d\" data-element_type=\"widget\" data-e-type=\"widget\" data-widget_type=\"image.default\">\n\t\t\t\t<div class=\"elementor-widget-container\">\n\t\t\t\t\t\t\t\t\t\t\t\t\t\t\t<img decoding=\"async\" src=\"https:\/\/sts-guitars.com\/wp-content\/uploads\/2023\/03\/linie4-1.png\" title=\"linie4.png\" alt=\"linie4.png\" loading=\"lazy\" \/>\t\t\t\t\t\t\t\t\t\t\t\t\t\t\t<\/div>\n\t\t\t\t<\/div>\n\t\t\t\t\t<\/div>\n\t\t<\/div>\n\t\t\t\t\t<\/div>\n\t\t<\/section>\n\t\t<div class=\"elementor-element elementor-element-7ab3882 e-flex e-con-boxed e-con e-parent\" data-id=\"7ab3882\" data-element_type=\"container\" data-e-type=\"container\">\n\t\t\t\t\t<div class=\"e-con-inner\">\n\t\t\t\t<div class=\"elementor-element elementor-element-74c89fe elementor-widget elementor-widget-heading\" data-id=\"74c89fe\" data-element_type=\"widget\" data-e-type=\"widget\" data-widget_type=\"heading.default\">\n\t\t\t\t<div class=\"elementor-widget-container\">\n\t\t\t\t\t<h1 class=\"elementor-heading-title elementor-size-default\">Mehrteilige Gitarrenh\u00e4lse<\/h1>\t\t\t\t<\/div>\n\t\t\t\t<\/div>\n\t\t\t\t<div class=\"elementor-element elementor-element-091c257 elementor-widget elementor-widget-image\" data-id=\"091c257\" data-element_type=\"widget\" data-e-type=\"widget\" data-widget_type=\"image.default\">\n\t\t\t\t<div class=\"elementor-widget-container\">\n\t\t\t\t\t\t\t\t\t\t\t\t\t\t\t<img decoding=\"async\" width=\"1024\" height=\"748\" src=\"https:\/\/sts-guitars.com\/wp-content\/uploads\/2023\/06\/IC_4405-3-1024x748.jpg\" class=\"attachment-large size-large wp-image-4752\" alt=\"\" srcset=\"https:\/\/sts-guitars.com\/wp-content\/uploads\/2023\/06\/IC_4405-3-1024x748.jpg 1024w, https:\/\/sts-guitars.com\/wp-content\/uploads\/2023\/06\/IC_4405-3-300x219.jpg 300w, https:\/\/sts-guitars.com\/wp-content\/uploads\/2023\/06\/IC_4405-3-768x561.jpg 768w, https:\/\/sts-guitars.com\/wp-content\/uploads\/2023\/06\/IC_4405-3-16x12.jpg 16w, https:\/\/sts-guitars.com\/wp-content\/uploads\/2023\/06\/IC_4405-3.jpg 1200w\" sizes=\"(max-width: 1024px) 100vw, 1024px\" \/>\t\t\t\t\t\t\t\t\t\t\t\t\t\t\t<\/div>\n\t\t\t\t<\/div>\n\t\t<div class=\"elementor-element elementor-element-a2e8e6c e-con-full e-flex e-con e-parent\" data-id=\"a2e8e6c\" data-element_type=\"container\" data-e-type=\"container\">\n\t\t<div class=\"elementor-element elementor-element-62ce26e e-flex e-con-boxed e-con e-parent\" data-id=\"62ce26e\" data-element_type=\"container\" data-e-type=\"container\">\n\t\t\t\t\t<div class=\"e-con-inner\">\n\t\t\t\t<div class=\"elementor-element elementor-element-1e87d35 elementor-widget elementor-widget-text-editor\" data-id=\"1e87d35\" data-element_type=\"widget\" data-e-type=\"widget\" data-widget_type=\"text-editor.default\">\n\t\t\t\t<div class=\"elementor-widget-container\">\n\t\t\t\t\t\t\t\t\t<p>several possible choices of three or five piece necks are available.\u2028the stripes of multi-laminated necks can also match your fretboard material choice.<\/p>\t\t\t\t\t\t\t\t<\/div>\n\t\t\t\t<\/div>\n\t\t\t\t\t<\/div>\n\t\t\t\t<\/div>\n\t\t\t\t<\/div>\n\t\t\t\t\t<\/div>\n\t\t\t\t<\/div>\n\t\t\t\t<section class=\"elementor-section elementor-top-section elementor-element elementor-element-3507900 elementor-section-full_width elementor-section-stretched elementor-section-height-default elementor-section-height-default\" data-id=\"3507900\" data-element_type=\"section\" data-e-type=\"section\" data-settings=\"{&quot;stretch_section&quot;:&quot;section-stretched&quot;}\">\n\t\t\t\t\t\t<div class=\"elementor-container elementor-column-gap-default\">\n\t\t\t\t\t<div class=\"elementor-column elementor-col-100 elementor-top-column elementor-element elementor-element-eeba9a7\" data-id=\"eeba9a7\" data-element_type=\"column\" data-e-type=\"column\">\n\t\t\t<div class=\"elementor-widget-wrap elementor-element-populated\">\n\t\t\t\t\t\t<div class=\"elementor-element elementor-element-d7bad18 elementor-widget elementor-widget-image\" data-id=\"d7bad18\" data-element_type=\"widget\" data-e-type=\"widget\" data-widget_type=\"image.default\">\n\t\t\t\t<div class=\"elementor-widget-container\">\n\t\t\t\t\t\t\t\t\t\t\t\t\t\t\t<img decoding=\"async\" src=\"https:\/\/sts-guitars.com\/wp-content\/uploads\/2023\/03\/linie4-1.png\" title=\"linie4.png\" alt=\"linie4.png\" loading=\"lazy\" \/>\t\t\t\t\t\t\t\t\t\t\t\t\t\t\t<\/div>\n\t\t\t\t<\/div>\n\t\t\t\t\t<\/div>\n\t\t<\/div>\n\t\t\t\t\t<\/div>\n\t\t<\/section>\n\t\t<div class=\"elementor-element elementor-element-403af74 e-flex e-con-boxed e-con e-parent\" data-id=\"403af74\" data-element_type=\"container\" data-e-type=\"container\">\n\t\t\t\t\t<div class=\"e-con-inner\">\n\t\t\t\t<div class=\"elementor-element elementor-element-0d1904d elementor-widget elementor-widget-heading\" data-id=\"0d1904d\" data-element_type=\"widget\" data-e-type=\"widget\" data-widget_type=\"heading.default\">\n\t\t\t\t<div class=\"elementor-widget-container\">\n\t\t\t\t\t<h1 class=\"elementor-heading-title elementor-size-default\">Bookmatched (gespiegelte) Gitarrendecken &amp; einzelne Mustereinlagen<\/h1>\t\t\t\t<\/div>\n\t\t\t\t<\/div>\n\t\t\t\t<div class=\"elementor-element elementor-element-2db96d1 elementor-widget elementor-widget-image\" data-id=\"2db96d1\" data-element_type=\"widget\" data-e-type=\"widget\" data-widget_type=\"image.default\">\n\t\t\t\t<div class=\"elementor-widget-container\">\n\t\t\t\t\t\t\t\t\t\t\t\t<figure class=\"wp-caption\">\n\t\t\t\t\t\t\t\t\t\t<img loading=\"lazy\" decoding=\"async\" width=\"1024\" height=\"685\" src=\"https:\/\/sts-guitars.com\/wp-content\/uploads\/2022\/10\/Bookmatch-lonely-pattern-inlay-1024x685.jpg\" class=\"attachment-large size-large wp-image-448\" alt=\"\" srcset=\"https:\/\/sts-guitars.com\/wp-content\/uploads\/2022\/10\/Bookmatch-lonely-pattern-inlay-1024x685.jpg 1024w, https:\/\/sts-guitars.com\/wp-content\/uploads\/2022\/10\/Bookmatch-lonely-pattern-inlay-300x201.jpg 300w, https:\/\/sts-guitars.com\/wp-content\/uploads\/2022\/10\/Bookmatch-lonely-pattern-inlay-768x514.jpg 768w, https:\/\/sts-guitars.com\/wp-content\/uploads\/2022\/10\/Bookmatch-lonely-pattern-inlay-18x12.jpg 18w, https:\/\/sts-guitars.com\/wp-content\/uploads\/2022\/10\/Bookmatch-lonely-pattern-inlay.jpg 1433w\" sizes=\"(max-width: 1024px) 100vw, 1024px\" \/>\t\t\t\t\t\t\t\t\t\t\t<figcaption class=\"widget-image-caption wp-caption-text\">Beispiel einer zweiteiligen Gitarrendecke mit einzelner Asanoha Muster Einlagearbeit an der Position des Lautst\u00e4rkereglers.<\/figcaption>\n\t\t\t\t\t\t\t\t\t\t<\/figure>\n\t\t\t\t\t\t\t\t\t<\/div>\n\t\t\t\t<\/div>\n\t\t<div class=\"elementor-element elementor-element-756b504 e-con-full e-flex e-con e-parent\" data-id=\"756b504\" data-element_type=\"container\" data-e-type=\"container\">\n\t\t<div class=\"elementor-element elementor-element-c9bb13d e-flex e-con-boxed e-con e-parent\" data-id=\"c9bb13d\" data-element_type=\"container\" data-e-type=\"container\">\n\t\t\t\t\t<div class=\"e-con-inner\">\n\t\t\t\t<div class=\"elementor-element elementor-element-6c27fba elementor-widget elementor-widget-text-editor\" data-id=\"6c27fba\" data-element_type=\"widget\" data-e-type=\"widget\" data-widget_type=\"text-editor.default\">\n\t\t\t\t<div class=\"elementor-widget-container\">\n\t\t\t\t\t\t\t\t\t<p>F\u00fcr manche Liebhaber elektrischer Gitarren mag das geometrische Muster unserer Gitarrendecken etwas \"zu viel des Guten\" sein. Selbstverst\u00e4ndlich m\u00f6chten wir auch f\u00fcr diese Personen ein Angebot machen.\nSo zum Beispiel mit einteiligen oder Bookmatched Gitarrendecken aus selektierten H\u00f6lzern in welche wir zum Beispiel ein einzelnes sechseckiges Musterst\u00fcck nahtlos und perfekt einlegen oder einen Streifen des Musters auf unterschiedliche Weise in die Gitarrendecke integrieren, oder auf eine andere aufregende Weise diese Elemente kombinieren.\nDie eigene Vorstellungskraft setzt hier die Grenzen.<\/p>\t\t\t\t\t\t\t\t<\/div>\n\t\t\t\t<\/div>\n\t\t\t\t\t<\/div>\n\t\t\t\t<\/div>\n\t\t\t\t<div class=\"elementor-element elementor-element-60eadfd elementor-widget elementor-widget-text-editor\" data-id=\"60eadfd\" data-element_type=\"widget\" data-e-type=\"widget\" data-widget_type=\"text-editor.default\">\n\t\t\t\t<div class=\"elementor-widget-container\">\n\t\t\t\t\t\t\t\t\t<p>If more choices are required or you have even more fantastic ideas, feel free <a href=\"mailto:contact@sts-guitars.com\">to contact<\/a> us.\u2028 together we design your very special and unique instrument.<\/p>\t\t\t\t\t\t\t\t<\/div>\n\t\t\t\t<\/div>\n\t\t\t\t<\/div>\n\t\t\t\t\t<\/div>\n\t\t\t\t<\/div>\n\t\t\t\t<\/div>","protected":false},"excerpt":{"rendered":"<p>custom options based on our available guitar models, you can purchase a custom built instrument. the following are a few possibilities to customize our instruments. these should fuel your imagination and create countless beautiful variations of our instruments. \u00a0 wood selection as one of the very basic choices you can select the wood of your&hellip;&nbsp;<a href=\"https:\/\/sts-guitars.com\/de\/custom-shop\/\" rel=\"bookmark\">Mehr lesen &raquo;<span class=\"screen-reader-text\">custom shop<\/span><\/a><\/p>","protected":false},"author":1,"featured_media":0,"parent":0,"menu_order":3,"comment_status":"closed","ping_status":"closed","template":"","meta":{"neve_meta_sidebar":"","neve_meta_container":"","neve_meta_enable_content_width":"","neve_meta_content_width":0,"neve_meta_title_alignment":"","neve_meta_author_avatar":"","neve_post_elements_order":"","neve_meta_disable_header":"","neve_meta_disable_footer":"","neve_meta_disable_title":"","neve_meta_reading_time":"","_ti_tpc_template_sync":false,"_ti_tpc_template_id":"","footnotes":""},"class_list":["post-55","page","type-page","status-publish","hentry"],"_links":{"self":[{"href":"https:\/\/sts-guitars.com\/de\/wp-json\/wp\/v2\/pages\/55","targetHints":{"allow":["GET"]}}],"collection":[{"href":"https:\/\/sts-guitars.com\/de\/wp-json\/wp\/v2\/pages"}],"about":[{"href":"https:\/\/sts-guitars.com\/de\/wp-json\/wp\/v2\/types\/page"}],"author":[{"embeddable":true,"href":"https:\/\/sts-guitars.com\/de\/wp-json\/wp\/v2\/users\/1"}],"replies":[{"embeddable":true,"href":"https:\/\/sts-guitars.com\/de\/wp-json\/wp\/v2\/comments?post=55"}],"version-history":[{"count":0,"href":"https:\/\/sts-guitars.com\/de\/wp-json\/wp\/v2\/pages\/55\/revisions"}],"wp:attachment":[{"href":"https:\/\/sts-guitars.com\/de\/wp-json\/wp\/v2\/media?parent=55"}],"curies":[{"name":"wp","href":"https:\/\/api.w.org\/{rel}","templated":true}]}}