{"id":54,"date":"2022-03-28T12:29:55","date_gmt":"2022-03-28T12:29:55","guid":{"rendered":"https:\/\/sts-guitars.com\/?page_id=54"},"modified":"2022-12-31T10:59:56","modified_gmt":"2022-12-31T10:59:56","slug":"classic-22","status":"publish","type":"page","link":"https:\/\/sts-guitars.com\/de\/classic-22\/","title":{"rendered":"OKITA (offset design)"},"content":{"rendered":"<pre class=\"wp-block-preformatted has-ast-global-color-1-color has-text-color has-background has-large-font-size\" style=\"background-color:#ffffff00\"><strong>OKITA (offset design)<\/strong><\/pre>\n\n\n\n<div class=\"alignnormal\"><div id=\"metaslider-id-304\" style=\"width: 100%;\" class=\"ml-slider-3-108-0 metaslider metaslider-flex metaslider-304 ml-slider has-dots-nav ms-theme-cubic\" role=\"region\" aria-label=\"Single Cut\" data-height=\"1250\" data-width=\"1000\">\n    <div id=\"metaslider_container_304\">\n        <div id=\"metaslider_304\">\n            <ul class='slides'>\n            <\/ul>\n        <\/div>\n        \n    <\/div>\n<\/div><\/div>\n\n\n\n<div class=\"wp-block-group\"><div class=\"wp-block-group__inner-container is-layout-constrained wp-block-group-is-layout-constrained\">\n<pre class=\"wp-block-preformatted has-background\" style=\"background-color:#ffffff00\">OKITA - Unser 'Offset' Modell bietet wundervolle Sounds und deckt ein breites Spektrum an Musikstilen und Spielweisen ab. Seine 22 B\u00fcnde und einer Mensur von 640mm bieten optimale Spielbarkeit.\n\nGewicht ca. 2,95kg\n<\/pre>\n\n\n\n<pre class=\"wp-block-preformatted has-ast-global-color-1-color has-text-color has-background has-medium-font-size\" style=\"background-color:#ffffff00\"><strong>Gitarrenkorpus Spezifikation<\/strong>\n<\/pre>\n\n\n\n<ul class=\"wp-block-list\">\n<li>Unser spezielles Mosaik-Design aus Ahorn im \"Asanoha\"-Muster<\/li>\n\n\n\n<li>Dreiteiliger Korpus aus Erle, ca. 38mm stark (inkl. Decke)<\/li>\n\n\n\n<li>Angenehme \"Komfort\"-Konturen auf Vorder- und R\u00fcckseite<\/li>\n\n\n\n<li>Optimierter und angenehm verrundeter Hals-Korpus-\u00dcbergang<\/li>\n\n\n\n<li>Beide Tonabnehmer im Humbucker Format und direkt im Korpus mit Gewindeeins\u00e4tzen verschraubt.<\/li>\n\n\n\n<li>Elektronikfach von der R\u00fcckseite zug\u00e4nglich<\/li>\n\n\n\n<li>Klinkenbuchse im Korpus versenkt und leicht angewinkelt.<\/li>\n\n\n\n<li>Spezielles mehrschichtiges \u00d6l-Finish auf nat\u00fcrlicher Basis<\/li>\n<\/ul>\n\n\n\n<pre class=\"wp-block-preformatted has-ast-global-color-1-color has-text-color has-background has-medium-font-size\" style=\"background-color:#ffffff00\"><strong>Gitarrenhals Spezifikation<\/strong>\n<\/pre>\n\n\n\n<ul class=\"wp-block-list\">\n<li>Einteiliger Ahorn-Hals<\/li>\n\n\n\n<li>Griffbrett aus ged\u00e4mpftem Birnenholz\n<ul class=\"wp-block-list\">\n<li><strong>640mm<\/strong> Mensur<\/li>\n\n\n\n<li><strong>21mm<\/strong> Dicke am 1. Bund<\/li>\n\n\n\n<li><strong>22,5mm<\/strong> Dicke am 12. Bund<\/li>\n\n\n\n<li><strong>305mm<\/strong> Griffbrett Radius<\/li>\n\n\n\n<li><strong>22<\/strong> Edelstahl-B\u00fcnde<\/li>\n<\/ul>\n<\/li>\n\n\n\n<li>Spezielle Verrundung der Griffbrettkanten (\"Edge Scallop\") an allen B\u00fcnden<\/li>\n\n\n\n<li>Knochen-Sattel<\/li>\n\n\n\n<li>Verschraubter Hals mit Gewindeeins\u00e4tzen und  metrischen Gewindeschrauben<\/li>\n\n\n\n<li>sechseckige Griffbretteinlagen aus ausgesuchtem Perlmutt<\/li>\n\n\n\n<li>Einzigartiges Kopfplatendesign mit 2+4 Schaller \u2018M6 pin\u2019 Locking Tuner Konfiguration<\/li>\n\n\n\n<li>Oberfl\u00e4chenbehandlung basiert auf nat\u00fcrlichen \u00d6len + Wachsen<\/li>\n<\/ul>\n\n\n\n<pre class=\"wp-block-preformatted has-ast-global-color-1-color has-text-color has-background has-medium-font-size\" style=\"background-color:#ffffff00\"><strong>Elektronik und Bedienelemente\n<\/strong><\/pre>\n\n\n\n<ul class=\"wp-block-list\">\n<li>H\u00e4ussel Pickups\n<ul class=\"wp-block-list\">\n<li>VIN+ B A5<\/li>\n\n\n\n<li>P90 HB N<\/li>\n<\/ul>\n<\/li>\n\n\n\n<li>Schaller 3-Wege Megaswitch<\/li>\n\n\n\n<li>500kOhm Potentiometer mit linearem Verlauf zur Lautst\u00e4rkeregelung<\/li>\n\n\n\n<li>\"Treble Bleed\" Kondensator<\/li>\n\n\n\n<li>Schaller Dome Knob<\/li>\n\n\n\n<li>Switchcraft Buchse<\/li>\n\n\n\n<li>Elektronikfach Abdeckung aus Aluminium zur Abschirmung und l\u00e4ngeren Haltbarkeit<\/li>\n<\/ul>\n<\/div><\/div>\n\n\n\n<pre class=\"wp-block-preformatted has-background\" style=\"background-color:#ffffff00\">Preis ab 3.589 \u20ac (Konfiguration entsprechend der obigen Beschreibung und den Bildern)<\/pre>\n\n\n\n<div class=\"wp-block-buttons is-layout-flex wp-block-buttons-is-layout-flex\">\n<div class=\"wp-block-button\"><a class=\"wp-block-button__link wp-element-button\" href=\"https:\/\/sts-guitars.com\/de\/contact-us\/\">Kontakt<\/a><\/div>\n\n\n\n<div class=\"wp-block-button\"><a class=\"wp-block-button__link wp-element-button\" href=\"https:\/\/sts-guitars.com\/de\/electric-guitar-models-2\/custom-shop\/\">Custom Shop Optionen<\/a><\/div>\n<\/div>","protected":false},"excerpt":{"rendered":"<p>OKITA (offset design) OKITA &#8211; our approach to a well balanced &#8216;offset design&#8217; offering beautiful sounds that cover a broad range of musical styles, further improved playability with 22 frets and a 640mm scale length. this model weighs around 2,95kg guitar body specs guitar neck specs electronics and controls Prices starting at 3.589 \u20ac (for&hellip;&nbsp;<a href=\"https:\/\/sts-guitars.com\/de\/classic-22\/\" rel=\"bookmark\">Mehr lesen &raquo;<span class=\"screen-reader-text\">OKITA (offset design)<\/span><\/a><\/p>","protected":false},"author":1,"featured_media":0,"parent":0,"menu_order":2,"comment_status":"closed","ping_status":"closed","template":"","meta":{"neve_meta_sidebar":"","neve_meta_container":"","neve_meta_enable_content_width":"","neve_meta_content_width":0,"neve_meta_title_alignment":"","neve_meta_author_avatar":"","neve_post_elements_order":"","neve_meta_disable_header":"","neve_meta_disable_footer":"","neve_meta_disable_title":"","neve_meta_reading_time":"","_ti_tpc_template_sync":false,"_ti_tpc_template_id":"","footnotes":""},"class_list":["post-54","page","type-page","status-publish","hentry"],"_links":{"self":[{"href":"https:\/\/sts-guitars.com\/de\/wp-json\/wp\/v2\/pages\/54","targetHints":{"allow":["GET"]}}],"collection":[{"href":"https:\/\/sts-guitars.com\/de\/wp-json\/wp\/v2\/pages"}],"about":[{"href":"https:\/\/sts-guitars.com\/de\/wp-json\/wp\/v2\/types\/page"}],"author":[{"embeddable":true,"href":"https:\/\/sts-guitars.com\/de\/wp-json\/wp\/v2\/users\/1"}],"replies":[{"embeddable":true,"href":"https:\/\/sts-guitars.com\/de\/wp-json\/wp\/v2\/comments?post=54"}],"version-history":[{"count":0,"href":"https:\/\/sts-guitars.com\/de\/wp-json\/wp\/v2\/pages\/54\/revisions"}],"wp:attachment":[{"href":"https:\/\/sts-guitars.com\/de\/wp-json\/wp\/v2\/media?parent=54"}],"curies":[{"name":"wp","href":"https:\/\/api.w.org\/{rel}","templated":true}]}}