{"id":53,"date":"2022-03-28T12:29:55","date_gmt":"2022-03-28T12:29:55","guid":{"rendered":"https:\/\/sts-guitars.com\/?page_id=53"},"modified":"2022-12-31T10:58:31","modified_gmt":"2022-12-31T10:58:31","slug":"timeless-24","status":"publish","type":"page","link":"https:\/\/sts-guitars.com\/de\/timeless-24\/","title":{"rendered":"TOMO (double cut design)"},"content":{"rendered":"<pre class=\"wp-block-preformatted has-ast-global-color-1-color has-text-color has-background has-large-font-size\" style=\"background-color:#ffffff00\"><strong>TOMO (double cut design)<\/strong>)<\/pre>\n\n\n\n<div class=\"wp-block-group\"><div class=\"wp-block-group__inner-container is-layout-constrained wp-block-group-is-layout-constrained\">\n<div class=\"alignnormal\"><div id=\"metaslider-id-315\" style=\"width: 100%;\" class=\"ml-slider-3-108-0 metaslider metaslider-flex metaslider-315 ml-slider has-dots-nav ms-theme-cubic\" role=\"region\" aria-label=\"Double Cut\" data-height=\"900\" data-width=\"1000\">\n    <div id=\"metaslider_container_315\">\n        <div id=\"metaslider_315\">\n            <ul class='slides'>\n            <\/ul>\n        <\/div>\n        \n    <\/div>\n<\/div><\/div>\n\n\n\n<pre class=\"wp-block-preformatted has-background\" style=\"background-color:#ffffff00\">Das Modell TOMO, im Double Cut Design, bietet ein modernes Gesamtpaket mit fein abgestimmten und ausgewogenen Sounds durch die Humbucker + P90 Kombination. Der angenehm geformte und gro\u00dfz\u00fcgig verrundete Hals-Korpus- \u00dcbergang garantiert beste Spielbarkeit bis zum letzten Bund.\n\nDie Positionen von Schalter und Lautst\u00e4rkeregler passen sich perfekt in das Muster der Gitarrendecke ein und sind leicht und intuitiv zu erreichen.\n\nDieses Gitarrenmodell wiegt ca. 3,35kg.\n<\/pre>\n\n\n\n<pre class=\"wp-block-preformatted has-ast-global-color-1-color has-text-color has-background has-medium-font-size\" style=\"background-color:#ffffff00\"><strong>Gitarrenkorpus Spezifikation<\/strong>\n<\/pre>\n\n\n\n<ul class=\"has-background wp-block-list\" style=\"background-color:#ffffff00\">\n<li>Unser spezielles Mosaik-Design aus Ahorn im \"Asanoha\"-Muster<\/li>\n\n\n\n<li>Dreiteiliger Korpus aus Esche, ca. 37mm stark (inkl. Decke)<\/li>\n\n\n\n<li>Angenehme \"Komfort\"-Konturen auf Vorder- und R\u00fcckseite<\/li>\n\n\n\n<li>Optimierter und angenehm verrundeter Hals-Korpus-\u00dcbergang<\/li>\n\n\n\n<li>Tonabnehmer-Fr\u00e4sungen beide in Humbucker Gr\u00f6\u00dfe<\/li>\n\n\n\n<li>Tonabnehmer direkt im Korpus mit Gewindeeins\u00e4tzen verschraubt.<\/li>\n\n\n\n<li>Elektronikfach von der R\u00fcckseite zug\u00e4nglich<\/li>\n\n\n\n<li>Klinkenbuchse im Korpus versenkt und leicht angewinkelt.<\/li>\n\n\n\n<li>Spezielles mehrschichtiges \u00d6l-Finish auf nat\u00fcrlicher Basis<\/li>\n<\/ul>\n\n\n\n<pre class=\"wp-block-preformatted has-ast-global-color-1-color has-text-color has-background has-medium-font-size\" style=\"background-color:#ffffff00\"><strong>Gitarrenhals Spezifikation\n<\/strong><\/pre>\n\n\n\n<ul class=\"wp-block-list\">\n<li>Einteiliger Ahorn-Hals mit Griffbrett aus ged\u00e4mpftem Birnenholz\n<ul class=\"wp-block-list\">\n<li><strong>650mm<\/strong> Mensur<\/li>\n\n\n\n<li><strong>20mm<\/strong> Dicke am 1. Bund<\/li>\n\n\n\n<li><strong>21,5mm<\/strong> Dicke am 12. Bund<\/li>\n\n\n\n<li><strong>305mm<\/strong> Griffbrett Radius<\/li>\n\n\n\n<li><strong>24<\/strong> Edelstahl-B\u00fcnde<\/li>\n<\/ul>\n<\/li>\n\n\n\n<li>Spezielle Verrundung der Griffbrettkanten (\"Edge Scallop\") an allen B\u00fcnden<\/li>\n\n\n\n<li>Knochen-Sattel<\/li>\n\n\n\n<li>Verschraubter Hals mit Gewindeeins\u00e4tzen und  metrischen Gewindeschrauben<\/li>\n\n\n\n<li>sechseckige Griffbretteinlagen aus ausgesuchtem Perlmutt<\/li>\n\n\n\n<li>einzigartiges Design der Kopfplatte<\/li>\n\n\n\n<li>2+4 Schaller \u2018M6 pin\u2019 Locking Tuner Konfiguration<\/li>\n\n\n\n<li>Oberfl\u00e4chenbehandlung mit nat\u00fcrlichen \u00d6len + Wachsen<\/li>\n<\/ul>\n\n\n\n<pre class=\"wp-block-preformatted has-ast-global-color-1-color has-text-color has-background has-medium-font-size\" style=\"background-color:#ffffff00\"><strong>\nElektronik und Bedienelemente<\/strong>\n<\/pre>\n\n\n\n<ul class=\"wp-block-list\">\n<li>H\u00e4ussel Pickups VIN+ B Keramik und P90 HOT HB N<\/li>\n\n\n\n<li>Schaller 3-Wege Megaswitch<\/li>\n\n\n\n<li>500kOhm Potentiometer mit linearem Verlauf zur Lautst\u00e4rkeregelung<\/li>\n\n\n\n<li>\"Treble Bleed\" Kondensator<\/li>\n\n\n\n<li>Schaller Dome Knob<\/li>\n\n\n\n<li>Switchcraft Buchse<\/li>\n\n\n\n<li>Elektronikfach Abdeckung aus Aluminium zur Abschirmung und l\u00e4ngeren Haltbarkeit<\/li>\n<\/ul>\n<\/div><\/div>\n\n\n\n<p class=\"has-background\" style=\"background-color:#ffffff00\">Preis ab 3.589 \u20ac (Konfiguration entsprechend der obigen Beschreibung und den Bildern)<\/p>\n\n\n\n<div class=\"wp-block-buttons is-layout-flex wp-block-buttons-is-layout-flex\">\n<div class=\"wp-block-button\"><a class=\"wp-block-button__link wp-element-button\" href=\"https:\/\/sts-guitars.com\/de\/contact-us\/\">Kontakt<\/a><\/div>\n\n\n\n<div class=\"wp-block-button\"><a class=\"wp-block-button__link wp-element-button\" href=\"https:\/\/sts-guitars.com\/de\/electric-guitar-models-2\/custom-shop\/\">Custom Shop Optionen<\/a><\/div>\n<\/div>","protected":false},"excerpt":{"rendered":"<p>TOMO (double cut design) this is TOMO, our double cut model offering a more modern package with fine tuned sounds coming from the well chosen HB + P90 configuration as well as optimized playability from the lowest to highest frets. control layout is chosen to match the beautiful pattern of the mosaic maple guitar top&hellip;&nbsp;<a href=\"https:\/\/sts-guitars.com\/de\/timeless-24\/\" rel=\"bookmark\">Mehr lesen &raquo;<span class=\"screen-reader-text\">TOMO (double cut design)<\/span><\/a><\/p>","protected":false},"author":1,"featured_media":0,"parent":0,"menu_order":1,"comment_status":"closed","ping_status":"closed","template":"","meta":{"neve_meta_sidebar":"","neve_meta_container":"","neve_meta_enable_content_width":"","neve_meta_content_width":0,"neve_meta_title_alignment":"","neve_meta_author_avatar":"","neve_post_elements_order":"","neve_meta_disable_header":"","neve_meta_disable_footer":"","neve_meta_disable_title":"","neve_meta_reading_time":"","_ti_tpc_template_sync":false,"_ti_tpc_template_id":"","footnotes":""},"class_list":["post-53","page","type-page","status-publish","hentry"],"_links":{"self":[{"href":"https:\/\/sts-guitars.com\/de\/wp-json\/wp\/v2\/pages\/53","targetHints":{"allow":["GET"]}}],"collection":[{"href":"https:\/\/sts-guitars.com\/de\/wp-json\/wp\/v2\/pages"}],"about":[{"href":"https:\/\/sts-guitars.com\/de\/wp-json\/wp\/v2\/types\/page"}],"author":[{"embeddable":true,"href":"https:\/\/sts-guitars.com\/de\/wp-json\/wp\/v2\/users\/1"}],"replies":[{"embeddable":true,"href":"https:\/\/sts-guitars.com\/de\/wp-json\/wp\/v2\/comments?post=53"}],"version-history":[{"count":0,"href":"https:\/\/sts-guitars.com\/de\/wp-json\/wp\/v2\/pages\/53\/revisions"}],"wp:attachment":[{"href":"https:\/\/sts-guitars.com\/de\/wp-json\/wp\/v2\/media?parent=53"}],"curies":[{"name":"wp","href":"https:\/\/api.w.org\/{rel}","templated":true}]}}