{"id":52,"date":"2022-03-28T12:29:55","date_gmt":"2022-03-28T12:29:55","guid":{"rendered":"https:\/\/sts-guitars.com\/?page_id=52"},"modified":"2022-11-05T16:09:59","modified_gmt":"2022-11-05T16:09:59","slug":"our-philosophy","status":"publish","type":"page","link":"https:\/\/sts-guitars.com\/de\/about-me\/our-philosophy\/","title":{"rendered":"unsere philosophie"},"content":{"rendered":"<div class=\"wp-block-columns is-layout-flex wp-container-core-columns-is-layout-9d6595d7 wp-block-columns-is-layout-flex\">\n<div class=\"wp-block-column is-layout-flow wp-block-column-is-layout-flow\" style=\"flex-basis:100%\">\n<div class=\"wp-block-columns is-layout-flex wp-container-core-columns-is-layout-9d6595d7 wp-block-columns-is-layout-flex\">\n<div class=\"wp-block-column is-layout-flow wp-block-column-is-layout-flow\" style=\"flex-basis:100%\">\n<p class=\"has-ast-global-color-1-color has-text-color has-large-font-size\"><strong>unsere philosophie<\/strong><\/p>\n\n\n\n<pre class=\"wp-block-preformatted has-background\" style=\"background-color:#ffffff00\">Qualit\u00e4t, Nachhaltigkeit und Regionalit\u00e4t sind die grundlegenden Werte hinter allem was wir tun. Nachfolgend einige Erkl\u00e4rungen und Beispiele wie wir dies in unserer Marke und unseren Instrumenten umsetzen. <\/pre>\n<\/div>\n<\/div>\n<\/div>\n<\/div>\n\n\n\n<pre class=\"wp-block-preformatted has-ast-global-color-1-color has-text-color has-background has-medium-font-size\" style=\"background-color:#ffffff00\"><strong>Nachhaltigkeit (durch Design und Qualit\u00e4t)\n<\/strong><\/pre>\n\n\n\n<pre class=\"wp-block-preformatted has-background\" style=\"background-color:#ffffff00\">Eine qualitativ hochwertige E-Gitarre ist bereits ein Instrument das gemacht wurde, um Jahrzehnte zu \u00fcberdauern - bei entsprechender Pflege vermutlich sogar Generationen.\nAus diesem Grund ist der erste Ansatz zu mehr Nachhaltigkeit, ein ganz besonders langlebiges Instrument zu bauen.\n\nDieses Ziel erreicht STS-Guitars gegen\u00fcber den meisten Standard- und hochwertigen E-Gitarren anderer Hersteller zum Beispiel durch:<\/pre>\n\n\n\n<ul class=\"wp-block-list\">\n<li>Alle Verschraubungen an der Gitarre ausschlie\u00dflich mit Gewindeeins\u00e4tzen und metrischen Edelstahl-Schrauben (au\u00dfer Gurt-Pins).\nDies erlaubt beliebig h\u00e4ufiges L\u00f6sen und Anziehen der Verbindungen ohne Materialabnutzung oder Verlust der Verbindungsqualit\u00e4t. Zudem stellt es sicher, dass alle Komponenten wie z.B. die Halsverschraubung oder die Pick-ups wiederholgenau \"gleich fest\" angezogen werden k\u00f6nnen.<\/li>\n<\/ul>\n\n\n\n<ul class=\"wp-block-list\"><\/ul>\n\n\n\n<p><\/p>\n\n\n\n<ul class=\"nv-cv-m wp-block-list\">\n<li>Ausstattung mit hochwertigem Edelstahl-Bunddraht, der nachweislich deutlich\nweniger Verschlei\u00df hat als regul\u00e4rer Nickel-Silber-Bunddraht.<\/li>\n<\/ul>\n\n\n\n<p><\/p>\n\n\n\n<ul class=\"nv-cv-m wp-block-list\">\n<li>Verwendung von speziellen Potentiometern mit einer Lebensdauer von mindestens 50.000 Zyklen, also \"vollst\u00e4ndigen Drehbewegungen\". Der Standard regul\u00e4rer und guter Potentiometer liegt im Bereich 10.000 - 20.000 Zyklen.<\/li>\n<\/ul>\n\n\n\n<p><\/p>\n\n\n\n<ul class=\"nv-cv-d nv-cv-m wp-block-list\">\n<li>Verwendung von hochwertigen elektronischen Komponenten (Kondensatoren, Potentiometer, Widerst\u00e4nde) mit engen Herstellungstoleranzen um einen gleichbleibenden Klang der Instrumente sicher zu stellen.<\/li>\n<\/ul>\n\n\n\n<p><\/p>\n\n\n\n<pre class=\"wp-block-preformatted has-background\" style=\"background-color:#ffffff00\">Zudem kann die Nachhaltigkeits-Bilanz auch durch die Auswahl der eingesetzten Materialien und Gestaltung der Prozesse positiv beeinflusst werden.\n\nWir verwenden daher aus \u00dcberzeugung ausschlie\u00dflich ausgew\u00e4hlte heimische H\u00f6lzer und - wo immer m\u00f6glich - Komponenten deutscher Hersteller.\n\nWir verzichten auf Lack oder andere industrielle Oberfl\u00e4chenbehandlungen und verwenden ausnahmslos Oberfl\u00e4chenbehandlungen auf Basis von nat\u00fcrlichen \u00d6len, Harzen und Wachsen.\n\nDiese Art der Oberfl\u00e4chenbehandlung bietet ausreichenden Schutz, erh\u00e4lt die Nat\u00fcrlichkeit des sch\u00f6nen Werkstoffs Holz und bleibt diffusionsoffen. Sie versiegelt also die Oberfl\u00e4che nicht im gleichen Ma\u00df wie es ein Lack tun w\u00fcrde. Das spezielle Holz\u00f6l dringt sehr gut in das Holz ein und h\u00e4rtet die gesamte oberfl\u00e4chennahe Schicht aus.\n\nDie Oberfl\u00e4che f\u00fchlt sich dadurch immer wie Holz an und \"atmet\" noch, was auch positive Auswirkungen auf das Schwingungs- und Resonanzverhalten haben kann. Korpus und Hals werden jeweils mit unterschiedlichen Techniken veredelt.\n\nNicht jeder mag eine \"road worn\"-Optik einer E-Gitarre nach Jahren des Spielvergn\u00fcgens. Sollten Optik und Oberfl\u00e4chenschutz unserer Instrumente zu einem sp\u00e4teren Zeitpunkt Gebrauchsspuren aufweisen, erlaubt uns die Verwendung der Gewindeeins\u00e4tze und die nat\u00fcrliche Oberfl\u00e4chenbehandlung mit Holz\u00f6l\/Wachs eine \u00dcberarbeitung und Wiederherstellung des urspr\u00fcnglichen Oberfl\u00e4chenzustands.<\/pre>\n\n\n\n<pre class=\"wp-block-preformatted has-ast-global-color-1-color has-text-color has-background has-medium-font-size\" style=\"background-color:#ffffff00\"><strong>\nNachhaltigkeit (durch Holzauswahl)\n<\/strong><\/pre>\n\n\n\n<pre class=\"wp-block-preformatted has-background\" style=\"background-color:#ffffff00\">Wir von STS Guitars sind fest davon \u00fcberzeugt, dass alle erforderlichen H\u00f6lzer zum Bau wundervoll klingender, langlebiger Instrumente mit toller Optik hierzulande zu finden sind.\nSogf\u00e4ltig ausgew\u00e4hlte heimische H\u00f6lzer stehen technisch und klanglich importierten Tropenh\u00f6lzern und Co. in nichts nach. Und der kurze Transportweg zu uns belastet die CO2-Bilanz erheblich weniger.\n\nBesonders unsere H\u00f6lzer f\u00fcr Griffbretter (Birne, Apfel, Pflaume\/Zwetschge, Nussbaum, ...) sind meist von B\u00e4umen aus heimischen G\u00e4rten, aus der Natur und wurden nicht extra f\u00fcr unsere Gitarren gef\u00e4llt.\n\nWir versuchen immer solche speziellen B\u00e4ume zu finden.<\/pre>\n\n\n\n<pre class=\"wp-block-preformatted has-ast-global-color-1-color has-text-color has-background has-medium-font-size\" style=\"background-color:#ffffff00\"><strong>\nRegionalit\u00e4t\n<\/strong><\/pre>\n\n\n\n<pre class=\"wp-block-preformatted has-background\" style=\"background-color:#ffffff00\">Regionalit\u00e4t ist also ein wichtiger Beitrag f\u00fcr mehr Nachhaltigkeit. Wir bevorzugen deutsche Hersteller f\u00fcr die von uns verbauten mechanischen und elektronischen Teile. Das gew\u00e4hrleistet einen im internationalen Vergleich hohen Standard an Geh\u00e4ltern und sozialer Absicherung der Mitarbeiter dieser Firmen. Auch gelten in Deutschland strengere Auflagen zum Umweltschutz und Arbeitsschutz als in anderen Produktionsl\u00e4ndern, insbesondere in Asien. Die Entscheidung f\u00fcr deutsche Hersteller reduziert au\u00dferdem den CO2-Fu\u00dfabdruck durch k\u00fcrzere Lieferwege.\nZus\u00e4tzlich gew\u00e4hrleisten deutsche Hersteller einen gleichbleibend hohen Standard, was zur hohen Qualit\u00e4t und Langlebigkeit unserer Instrumente beitr\u00e4gt.<\/pre>","protected":false},"excerpt":{"rendered":"<p>our philosophy quality, sustainability and regionality are the core values behind everything we do. below you find a few explanations on how these are the basis of our instruments&#8217; designs. sustainability (by design and quality) a high quality electric guitar is already an instrument made to last decades, even generations, if it is taken proper&hellip;&nbsp;<a href=\"https:\/\/sts-guitars.com\/de\/about-me\/our-philosophy\/\" rel=\"bookmark\">Mehr lesen &raquo;<span class=\"screen-reader-text\">unsere philosophie<\/span><\/a><\/p>","protected":false},"author":1,"featured_media":0,"parent":50,"menu_order":2,"comment_status":"closed","ping_status":"closed","template":"","meta":{"neve_meta_sidebar":"","neve_meta_container":"","neve_meta_enable_content_width":"","neve_meta_content_width":0,"neve_meta_title_alignment":"","neve_meta_author_avatar":"","neve_post_elements_order":"","neve_meta_disable_header":"","neve_meta_disable_footer":"","neve_meta_disable_title":"","neve_meta_reading_time":"","_ti_tpc_template_sync":false,"_ti_tpc_template_id":"","footnotes":""},"class_list":["post-52","page","type-page","status-publish","hentry"],"_links":{"self":[{"href":"https:\/\/sts-guitars.com\/de\/wp-json\/wp\/v2\/pages\/52","targetHints":{"allow":["GET"]}}],"collection":[{"href":"https:\/\/sts-guitars.com\/de\/wp-json\/wp\/v2\/pages"}],"about":[{"href":"https:\/\/sts-guitars.com\/de\/wp-json\/wp\/v2\/types\/page"}],"author":[{"embeddable":true,"href":"https:\/\/sts-guitars.com\/de\/wp-json\/wp\/v2\/users\/1"}],"replies":[{"embeddable":true,"href":"https:\/\/sts-guitars.com\/de\/wp-json\/wp\/v2\/comments?post=52"}],"version-history":[{"count":0,"href":"https:\/\/sts-guitars.com\/de\/wp-json\/wp\/v2\/pages\/52\/revisions"}],"up":[{"embeddable":true,"href":"https:\/\/sts-guitars.com\/de\/wp-json\/wp\/v2\/pages\/50"}],"wp:attachment":[{"href":"https:\/\/sts-guitars.com\/de\/wp-json\/wp\/v2\/media?parent=52"}],"curies":[{"name":"wp","href":"https:\/\/api.w.org\/{rel}","templated":true}]}}