{"id":419,"date":"2022-10-29T08:38:49","date_gmt":"2022-10-29T08:38:49","guid":{"rendered":"https:\/\/sts-guitars.com\/?page_id=419"},"modified":"2022-12-31T11:04:02","modified_gmt":"2022-12-31T11:04:02","slug":"soundbowl-custom-shop","status":"publish","type":"page","link":"https:\/\/sts-guitars.com\/de\/soundbowl-custom-shop\/","title":{"rendered":"OKITA soundbowl"},"content":{"rendered":"<p> <\/p>\n\n\n\n<pre class=\"wp-block-preformatted has-ast-global-color-1-color has-text-color has-background has-large-font-size\" style=\"background-color:#00000000\"><strong>OKITA soundbowl (Custom Shop)<\/strong><\/pre>\n\n\n\n<pre class=\"wp-block-preformatted has-background\" style=\"background-color:#ffffff00\">Auf Basis unseres OKITA Modells entwarfen wir eine ganz besondere Custom Shop Version. Diese integriert einen speziell\nkonzipierten Hohlraum als Klangkammer in den Gitarrenkorpus.\nSchall\u00f6ffnungen entstehen durch ausgesparte Musterelemente im\nAsanoha-Muster der Gitarrendecke direkt \u00fcber diesem Hohlraum.\n\nDie Klangkammer besteht ausschlie\u00dflich aus nichtparallelen Seiten, was unerw\u00fcnschte Resonanzspitzen vermeidet. Diese k\u00f6nnten u.a. dazu f\u00fchren dass einzelne Noten lauter klingen als andere, was die klangliche Ausgewogenheit negativ beeintr\u00e4chtigt. Stattdessen f\u00fchrt unser 'soundbowl' Design zu einer wunderbar klingenden und reizvollen Ver\u00e4nderung des gesamten Klangbilds des Instruments.<\/pre>\n\n\n\n<figure class=\"wp-block-image size-large\"><img fetchpriority=\"high\" decoding=\"async\" width=\"1024\" height=\"682\" src=\"http:\/\/sts-guitars.com\/wp-content\/uploads\/2022\/10\/Soundbowl-Detail-Shot-1024x682.png\" alt=\"\" class=\"wp-image-420\" srcset=\"https:\/\/sts-guitars.com\/wp-content\/uploads\/2022\/10\/Soundbowl-Detail-Shot-1024x682.png 1024w, https:\/\/sts-guitars.com\/wp-content\/uploads\/2022\/10\/Soundbowl-Detail-Shot-300x200.png 300w, https:\/\/sts-guitars.com\/wp-content\/uploads\/2022\/10\/Soundbowl-Detail-Shot-768x511.png 768w, https:\/\/sts-guitars.com\/wp-content\/uploads\/2022\/10\/Soundbowl-Detail-Shot-18x12.png 18w, https:\/\/sts-guitars.com\/wp-content\/uploads\/2022\/10\/Soundbowl-Detail-Shot.png 1406w\" sizes=\"(max-width: 1024px) 100vw, 1024px\" \/><figcaption class=\"wp-element-caption\">Detailaufnahme der Schall\u00f6ffnungen, welche durch offene Musterelemente im Asanoha Muster entstehen.<\/figcaption><\/figure>\n\n\n\n<pre class=\"wp-block-preformatted has-background\" style=\"background-color:#ffffff00\">Diese spezielle Ausf\u00fchrung der Gitarre ist nur im Rahmen der Einzelfertigung eines Custom Shop Instruments erh\u00e4ltlich. Sie kann mit allen weiteren Custom Shop Optionen kombiniert werden.\n\nDie verf\u00fcgbaren Gestaltungsm\u00f6glichkeiten seht ihr unter dem folgenden Link zu unserer Custom Shop Seite.\n\nBeim Gestalten einer OKITA soundbowl kann unter anderem auch die Farbe der Klangkammer, wie auch die Position und das Muster der Schall\u00f6ffnungen angepasst werden.\n\nPreis ab 4.310 \u20ac (entspricht dem Basismodell OKITA, jedoch mit \"Soundbowl\"-Option)<\/pre>\n\n\n\n<div class=\"wp-block-buttons is-layout-flex wp-block-buttons-is-layout-flex\">\n<div class=\"wp-block-button is-style-fill\"><a class=\"wp-block-button__link wp-element-button\" href=\"https:\/\/sts-guitars.com\/de\/contact-us\/\">Kontakt<\/a><\/div>\n\n\n\n<div class=\"wp-block-button is-style-fill\"><a class=\"wp-block-button__link wp-element-button\" href=\"https:\/\/sts-guitars.com\/de\/electric-guitar-models-2\/custom-shop\/\">custom shop<\/a><\/div>\n<\/div>\n\n\n\n<p> <\/p>\n\n\n\n<figure class=\"wp-block-image size-large\"><img decoding=\"async\" width=\"1024\" height=\"412\" src=\"http:\/\/sts-guitars.com\/wp-content\/uploads\/2022\/10\/Soundbowl-full-shot-1024x412.jpg\" alt=\"\" class=\"wp-image-421\" srcset=\"https:\/\/sts-guitars.com\/wp-content\/uploads\/2022\/10\/Soundbowl-full-shot-1024x412.jpg 1024w, https:\/\/sts-guitars.com\/wp-content\/uploads\/2022\/10\/Soundbowl-full-shot-300x121.jpg 300w, https:\/\/sts-guitars.com\/wp-content\/uploads\/2022\/10\/Soundbowl-full-shot-768x309.jpg 768w, https:\/\/sts-guitars.com\/wp-content\/uploads\/2022\/10\/Soundbowl-full-shot-1536x618.jpg 1536w, https:\/\/sts-guitars.com\/wp-content\/uploads\/2022\/10\/Soundbowl-full-shot-2048x824.jpg 2048w, https:\/\/sts-guitars.com\/wp-content\/uploads\/2022\/10\/Soundbowl-full-shot-18x7.jpg 18w\" sizes=\"(max-width: 1024px) 100vw, 1024px\" \/><figcaption class=\"wp-element-caption\">Beispiel eines Custom Shop Instruments mit der speziellen 'soundbowl' Option.<\/figcaption><\/figure>","protected":false},"excerpt":{"rendered":"<p>OKITA soundbowl (Custom Shop) Based on our standard offset design model, OKITA, we have created a unique custom shop version. This incorporates a special bowl shaped sound chamber routed into the guitar&#8217;s body. Sound holes are created by open parts of the guitar top&#8217;s pattern above that sound chamber. The shape of the sound chamber&hellip;&nbsp;<a href=\"https:\/\/sts-guitars.com\/de\/soundbowl-custom-shop\/\" rel=\"bookmark\">Mehr lesen &raquo;<span class=\"screen-reader-text\">OKITA soundbowl<\/span><\/a><\/p>","protected":false},"author":1,"featured_media":0,"parent":0,"menu_order":0,"comment_status":"closed","ping_status":"closed","template":"","meta":{"neve_meta_sidebar":"","neve_meta_container":"","neve_meta_enable_content_width":"","neve_meta_content_width":0,"neve_meta_title_alignment":"","neve_meta_author_avatar":"","neve_post_elements_order":"","neve_meta_disable_header":"","neve_meta_disable_footer":"","neve_meta_disable_title":"","neve_meta_reading_time":"","_ti_tpc_template_sync":false,"_ti_tpc_template_id":"","footnotes":""},"class_list":["post-419","page","type-page","status-publish","hentry"],"_links":{"self":[{"href":"https:\/\/sts-guitars.com\/de\/wp-json\/wp\/v2\/pages\/419","targetHints":{"allow":["GET"]}}],"collection":[{"href":"https:\/\/sts-guitars.com\/de\/wp-json\/wp\/v2\/pages"}],"about":[{"href":"https:\/\/sts-guitars.com\/de\/wp-json\/wp\/v2\/types\/page"}],"author":[{"embeddable":true,"href":"https:\/\/sts-guitars.com\/de\/wp-json\/wp\/v2\/users\/1"}],"replies":[{"embeddable":true,"href":"https:\/\/sts-guitars.com\/de\/wp-json\/wp\/v2\/comments?post=419"}],"version-history":[{"count":0,"href":"https:\/\/sts-guitars.com\/de\/wp-json\/wp\/v2\/pages\/419\/revisions"}],"wp:attachment":[{"href":"https:\/\/sts-guitars.com\/de\/wp-json\/wp\/v2\/media?parent=419"}],"curies":[{"name":"wp","href":"https:\/\/api.w.org\/{rel}","templated":true}]}}